{"id":2134,"date":"2020-11-15T15:54:01","date_gmt":"2020-11-15T13:54:01","guid":{"rendered":"https:\/\/alphaglobe.se\/nsab\/"},"modified":"2020-11-22T23:15:23","modified_gmt":"2020-11-22T22:15:23","slug":"nsab","status":"publish","type":"page","link":"https:\/\/alphaglobe.se\/sv\/anvandbar-info\/nsab\/","title":{"rendered":"NSAB"},"content":{"rendered":"\t\t<div data-elementor-type=\"wp-page\" data-elementor-id=\"2134\" class=\"elementor elementor-2134 elementor-921\" data-elementor-settings=\"{&quot;ha_cmc_init_switcher&quot;:&quot;no&quot;}\" data-elementor-post-type=\"page\">\n\t\t\t\t\t\t<section class=\"elementor-section elementor-top-section elementor-element elementor-element-5e562a5 elementor-section-height-min-height elementor-section-boxed elementor-section-height-default elementor-section-items-middle\" data-id=\"5e562a5\" data-element_type=\"section\" data-e-type=\"section\" data-settings=\"{&quot;background_background&quot;:&quot;classic&quot;,&quot;shape_divider_bottom&quot;:&quot;waves&quot;,&quot;_ha_eqh_enable&quot;:false}\">\n\t\t\t\t\t\t\t<div class=\"elementor-background-overlay\"><\/div>\n\t\t\t\t\t\t<div class=\"elementor-shape elementor-shape-bottom\" aria-hidden=\"true\" data-negative=\"false\">\n\t\t\t<svg xmlns=\"http:\/\/www.w3.org\/2000\/svg\" viewBox=\"0 0 1000 100\" preserveAspectRatio=\"none\">\n\t<path class=\"elementor-shape-fill\" d=\"M421.9,6.5c22.6-2.5,51.5,0.4,75.5,5.3c23.6,4.9,70.9,23.5,100.5,35.7c75.8,32.2,133.7,44.5,192.6,49.7\n\tc23.6,2.1,48.7,3.5,103.4-2.5c54.7-6,106.2-25.6,106.2-25.6V0H0v30.3c0,0,72,32.6,158.4,30.5c39.2-0.7,92.8-6.7,134-22.4\n\tc21.2-8.1,52.2-18.2,79.7-24.2C399.3,7.9,411.6,7.5,421.9,6.5z\"\/>\n<\/svg>\t\t<\/div>\n\t\t\t\t\t<div class=\"elementor-container elementor-column-gap-default\">\n\t\t\t\t\t<div class=\"elementor-column elementor-col-100 elementor-top-column elementor-element elementor-element-98b4b67\" data-id=\"98b4b67\" data-element_type=\"column\" data-e-type=\"column\">\n\t\t\t<div class=\"elementor-widget-wrap elementor-element-populated\">\n\t\t\t\t\t\t<div class=\"elementor-element elementor-element-02e7442 elementor-widget elementor-widget-heading\" data-id=\"02e7442\" data-element_type=\"widget\" data-e-type=\"widget\" data-settings=\"{&quot;motion_fx_motion_fx_scrolling&quot;:&quot;yes&quot;,&quot;motion_fx_opacity_effect&quot;:&quot;yes&quot;,&quot;motion_fx_opacity_direction&quot;:&quot;in-out&quot;,&quot;motion_fx_opacity_range&quot;:{&quot;unit&quot;:&quot;%&quot;,&quot;size&quot;:&quot;&quot;,&quot;sizes&quot;:{&quot;start&quot;:70,&quot;end&quot;:90}},&quot;motion_fx_blur_effect&quot;:&quot;yes&quot;,&quot;motion_fx_blur_direction&quot;:&quot;in-out&quot;,&quot;motion_fx_blur_level&quot;:{&quot;unit&quot;:&quot;px&quot;,&quot;size&quot;:5,&quot;sizes&quot;:[]},&quot;motion_fx_blur_range&quot;:{&quot;unit&quot;:&quot;%&quot;,&quot;size&quot;:&quot;&quot;,&quot;sizes&quot;:{&quot;start&quot;:70,&quot;end&quot;:90}},&quot;motion_fx_opacity_level&quot;:{&quot;unit&quot;:&quot;px&quot;,&quot;size&quot;:10,&quot;sizes&quot;:[]},&quot;motion_fx_devices&quot;:[&quot;desktop&quot;,&quot;tablet&quot;,&quot;mobile&quot;]}\" data-widget_type=\"heading.default\">\n\t\t\t\t<div class=\"elementor-widget-container\">\n\t\t\t\t\t<h2 class=\"elementor-heading-title elementor-size-default\">NSAB<\/h2>\t\t\t\t<\/div>\n\t\t\t\t<\/div>\n\t\t\t\t\t<\/div>\n\t\t<\/div>\n\t\t\t\t\t<\/div>\n\t\t<\/section>\n\t\t\t\t<section class=\"elementor-section elementor-top-section elementor-element elementor-element-1d86597 elementor-section-boxed elementor-section-height-default elementor-section-height-default\" data-id=\"1d86597\" data-element_type=\"section\" data-e-type=\"section\" data-settings=\"{&quot;_ha_eqh_enable&quot;:false}\">\n\t\t\t\t\t\t<div class=\"elementor-container elementor-column-gap-default\">\n\t\t\t\t\t<div class=\"elementor-column elementor-col-50 elementor-top-column elementor-element elementor-element-a167a98\" data-id=\"a167a98\" data-element_type=\"column\" data-e-type=\"column\">\n\t\t\t<div class=\"elementor-widget-wrap elementor-element-populated\">\n\t\t\t\t\t\t<div class=\"elementor-element elementor-element-468f53f elementor-widget elementor-widget-heading\" data-id=\"468f53f\" data-element_type=\"widget\" data-e-type=\"widget\" data-widget_type=\"heading.default\">\n\t\t\t\t<div class=\"elementor-widget-container\">\n\t\t\t\t\t<h2 class=\"elementor-heading-title elementor-size-default\">Kort sammanfattning av NSAB:<\/h2>\t\t\t\t<\/div>\n\t\t\t\t<\/div>\n\t\t\t\t<div class=\"elementor-element elementor-element-12a2681 elementor-widget elementor-widget-text-editor\" data-id=\"12a2681\" data-element_type=\"widget\" data-e-type=\"widget\" data-widget_type=\"text-editor.default\">\n\t\t\t\t<div class=\"elementor-widget-container\">\n\t\t\t\t\t\t\t\t\t<article id=\"post-1897\" class=\"col-sm-7 post-1897 page type-page status-publish has-post-thumbnail hentry\">\n<div class=\"entry-content\">\n<p>Alla uppdrag utf\u00f6rs i enlighet med Nordiska Spedit\u00f6rsf\u00f6rbundets Allm\u00e4nna Best\u00e4mmelser (NSAB 2015).<\/p>\n<p>As contracting party cf. Best\u00e4mmelserna begr\u00e4nsar spedit\u00f6rens ansvar som kontraktspart i avtalet enligt \u00a73 B f\u00f6r f\u00f6rlust, f\u00f6rs\u00e4mring eller skada av\/p\u00e5 gods till SDR 8,33 per kilo vid f\u00f6rsening upp till fraktens belopp och f\u00f6r alla andra f\u00f6rluster till SDR 100 000 f\u00f6r varje uppdrag (\u00a721).<\/p>\n<p>As intermediary cf. Spedit\u00f6rens ansvar som mellanhand enligt \u00a7 3 C \u00e4r begr\u00e4nsad till SDR 50 000 f\u00f6r varje uppdrag och totalt f\u00f6r en och samma h\u00e4ndelse till SDR 500 000 (\u00a724).<\/p>\n<p>Vid lagring \u00e4r spedit\u00f6rens samlade ansvar f\u00f6r skada vid ett och samma tillf\u00e4lle begr\u00e4nsat till SDR 500 000 (\u00a725)<\/p>\n<p>S\u00e4rskild uppm\u00e4rksamhet riktas mot n\u00e4tverksklausulen (\u00a72), krav mot spedit\u00f6ren preskriberas efter ett \u00e5r (\u00a728) och att pantr\u00e4tten (\u00a714) omfattar s\u00e5v\u00e4l aktuella som tidigare krav.<\/p>\n<p>F\u00f6r mer information om NSAB, l\u00e4s hela dokumentet.<\/p>\n<\/div>\n<\/article>\n<div class=\"col-sm-4 offset-sm-1 lifted text-center\"> <\/div>\n\t\t\t\t\t\t\t\t<\/div>\n\t\t\t\t<\/div>\n\t\t\t\t\t<\/div>\n\t\t<\/div>\n\t\t\t\t<div class=\"elementor-column elementor-col-50 elementor-top-column elementor-element elementor-element-37314db\" data-id=\"37314db\" data-element_type=\"column\" data-e-type=\"column\">\n\t\t\t<div class=\"elementor-widget-wrap elementor-element-populated\">\n\t\t\t\t\t\t<div class=\"elementor-element elementor-element-1116e88 elementor-widget elementor-widget-heading\" data-id=\"1116e88\" data-element_type=\"widget\" data-e-type=\"widget\" data-widget_type=\"heading.default\">\n\t\t\t\t<div class=\"elementor-widget-container\">\n\t\t\t\t\t<h2 class=\"elementor-heading-title elementor-size-default\">Ladda ner:<\/h2>\t\t\t\t<\/div>\n\t\t\t\t<\/div>\n\t\t\t\t<div class=\"elementor-element elementor-element-73e18d5 elementor-widget-divider--view-line elementor-widget elementor-widget-divider\" data-id=\"73e18d5\" data-element_type=\"widget\" data-e-type=\"widget\" data-widget_type=\"divider.default\">\n\t\t\t\t<div class=\"elementor-widget-container\">\n\t\t\t\t\t\t\t<div class=\"elementor-divider\">\n\t\t\t<span class=\"elementor-divider-separator\">\n\t\t\t\t\t\t<\/span>\n\t\t<\/div>\n\t\t\t\t\t\t<\/div>\n\t\t\t\t<\/div>\n\t\t\t\t<div class=\"elementor-element elementor-element-788fb2a elementor-align-center elementor-widget elementor-widget-button\" data-id=\"788fb2a\" data-element_type=\"widget\" data-e-type=\"widget\" data-widget_type=\"button.default\">\n\t\t\t\t<div class=\"elementor-widget-container\">\n\t\t\t\t\t\t\t\t\t<div class=\"elementor-button-wrapper\">\n\t\t\t\t\t<a class=\"elementor-button elementor-button-link elementor-size-sm\" href=\"https:\/\/alphaglobe.se\/wp-content\/uploads\/2020\/10\/nsab-english.pdf\" target=\"_blank\">\n\t\t\t\t\t\t<span class=\"elementor-button-content-wrapper\">\n\t\t\t\t\t\t\t\t\t<span class=\"elementor-button-text\">Engelsk version<\/span>\n\t\t\t\t\t<\/span>\n\t\t\t\t\t<\/a>\n\t\t\t\t<\/div>\n\t\t\t\t\t\t\t\t<\/div>\n\t\t\t\t<\/div>\n\t\t\t\t<div class=\"elementor-element elementor-element-ea83f91 elementor-align-center elementor-widget elementor-widget-button\" data-id=\"ea83f91\" data-element_type=\"widget\" data-e-type=\"widget\" data-widget_type=\"button.default\">\n\t\t\t\t<div class=\"elementor-widget-container\">\n\t\t\t\t\t\t\t\t\t<div class=\"elementor-button-wrapper\">\n\t\t\t\t\t<a class=\"elementor-button elementor-button-link elementor-size-sm\" href=\"https:\/\/alphaglobe.se\/wp-content\/uploads\/2020\/10\/nsab-swe.pdf\" target=\"_blank\">\n\t\t\t\t\t\t<span class=\"elementor-button-content-wrapper\">\n\t\t\t\t\t\t\t\t\t<span class=\"elementor-button-text\">Svensk version<\/span>\n\t\t\t\t\t<\/span>\n\t\t\t\t\t<\/a>\n\t\t\t\t<\/div>\n\t\t\t\t\t\t\t\t<\/div>\n\t\t\t\t<\/div>\n\t\t\t\t\t<\/div>\n\t\t<\/div>\n\t\t\t\t\t<\/div>\n\t\t<\/section>\n\t\t\t\t<\/div>\n\t\t","protected":false},"excerpt":{"rendered":"<p>NSAB Kort sammanfattning av NSAB: Alla uppdrag utf\u00f6rs i enlighet med Nordiska Spedit\u00f6rsf\u00f6rbundets Allm\u00e4nna Best\u00e4mmelser (NSAB 2015). As contracting party cf. Best\u00e4mmelserna begr\u00e4nsar spedit\u00f6rens ansvar som kontraktspart i avtalet enligt \u00a73 B f\u00f6r f\u00f6rlust, f\u00f6rs\u00e4mring eller skada av\/p\u00e5 gods till SDR 8,33 per kilo vid f\u00f6rsening upp till fraktens belopp och f\u00f6r alla andra f\u00f6rluster [&hellip;]<\/p>\n","protected":false},"author":1,"featured_media":0,"parent":2735,"menu_order":0,"comment_status":"closed","ping_status":"closed","template":"","meta":{"footnotes":""},"class_list":["post-2134","page","type-page","status-publish","hentry"],"_links":{"self":[{"href":"https:\/\/alphaglobe.se\/sv\/wp-json\/wp\/v2\/pages\/2134"}],"collection":[{"href":"https:\/\/alphaglobe.se\/sv\/wp-json\/wp\/v2\/pages"}],"about":[{"href":"https:\/\/alphaglobe.se\/sv\/wp-json\/wp\/v2\/types\/page"}],"author":[{"embeddable":true,"href":"https:\/\/alphaglobe.se\/sv\/wp-json\/wp\/v2\/users\/1"}],"replies":[{"embeddable":true,"href":"https:\/\/alphaglobe.se\/sv\/wp-json\/wp\/v2\/comments?post=2134"}],"version-history":[{"count":14,"href":"https:\/\/alphaglobe.se\/sv\/wp-json\/wp\/v2\/pages\/2134\/revisions"}],"predecessor-version":[{"id":2789,"href":"https:\/\/alphaglobe.se\/sv\/wp-json\/wp\/v2\/pages\/2134\/revisions\/2789"}],"up":[{"embeddable":true,"href":"https:\/\/alphaglobe.se\/sv\/wp-json\/wp\/v2\/pages\/2735"}],"wp:attachment":[{"href":"https:\/\/alphaglobe.se\/sv\/wp-json\/wp\/v2\/media?parent=2134"}],"curies":[{"name":"wp","href":"https:\/\/api.w.org\/{rel}","templated":true}]}}