{"id":2183,"date":"2020-11-15T16:27:19","date_gmt":"2020-11-15T14:27:19","guid":{"rendered":"https:\/\/alphaglobe.se\/vagfrakt\/"},"modified":"2020-11-22T23:14:36","modified_gmt":"2020-11-22T22:14:36","slug":"vagfrakt","status":"publish","type":"page","link":"https:\/\/alphaglobe.se\/sv\/tjanster\/vagfrakt\/","title":{"rendered":"V\u00e4gfrakt"},"content":{"rendered":"\t\t<div data-elementor-type=\"wp-page\" data-elementor-id=\"2183\" class=\"elementor elementor-2183 elementor-64\" data-elementor-settings=\"{&quot;ha_cmc_init_switcher&quot;:&quot;no&quot;}\" data-elementor-post-type=\"page\">\n\t\t\t\t\t\t<section class=\"elementor-section elementor-top-section elementor-element elementor-element-7e66475 elementor-section-height-min-height elementor-section-boxed elementor-section-height-default elementor-section-items-middle\" data-id=\"7e66475\" data-element_type=\"section\" data-e-type=\"section\" data-settings=\"{&quot;shape_divider_bottom&quot;:&quot;waves&quot;,&quot;background_background&quot;:&quot;classic&quot;,&quot;_ha_eqh_enable&quot;:false}\">\n\t\t\t\t\t\t\t<div class=\"elementor-background-overlay\"><\/div>\n\t\t\t\t\t\t<div class=\"elementor-shape elementor-shape-bottom\" aria-hidden=\"true\" data-negative=\"false\">\n\t\t\t<svg xmlns=\"http:\/\/www.w3.org\/2000\/svg\" viewBox=\"0 0 1000 100\" preserveAspectRatio=\"none\">\n\t<path class=\"elementor-shape-fill\" d=\"M421.9,6.5c22.6-2.5,51.5,0.4,75.5,5.3c23.6,4.9,70.9,23.5,100.5,35.7c75.8,32.2,133.7,44.5,192.6,49.7\n\tc23.6,2.1,48.7,3.5,103.4-2.5c54.7-6,106.2-25.6,106.2-25.6V0H0v30.3c0,0,72,32.6,158.4,30.5c39.2-0.7,92.8-6.7,134-22.4\n\tc21.2-8.1,52.2-18.2,79.7-24.2C399.3,7.9,411.6,7.5,421.9,6.5z\"\/>\n<\/svg>\t\t<\/div>\n\t\t\t\t\t<div class=\"elementor-container elementor-column-gap-default\">\n\t\t\t\t\t<div class=\"elementor-column elementor-col-100 elementor-top-column elementor-element elementor-element-5dade42\" data-id=\"5dade42\" data-element_type=\"column\" data-e-type=\"column\">\n\t\t\t<div class=\"elementor-widget-wrap elementor-element-populated\">\n\t\t\t\t\t\t<div class=\"elementor-element elementor-element-6700b90 elementor-widget elementor-widget-heading\" data-id=\"6700b90\" data-element_type=\"widget\" data-e-type=\"widget\" data-widget_type=\"heading.default\">\n\t\t\t\t<div class=\"elementor-widget-container\">\n\t\t\t\t\t<h1 class=\"elementor-heading-title elementor-size-default\">V\u00e4gfrakt<\/h1>\t\t\t\t<\/div>\n\t\t\t\t<\/div>\n\t\t\t\t\t<\/div>\n\t\t<\/div>\n\t\t\t\t\t<\/div>\n\t\t<\/section>\n\t\t\t\t<section class=\"elementor-section elementor-top-section elementor-element elementor-element-1e3ccd1 elementor-section-content-middle elementor-section-boxed elementor-section-height-default elementor-section-height-default\" data-id=\"1e3ccd1\" data-element_type=\"section\" data-e-type=\"section\" data-settings=\"{&quot;_ha_eqh_enable&quot;:false}\">\n\t\t\t\t\t\t\t<div class=\"elementor-background-overlay\"><\/div>\n\t\t\t\t\t\t\t<div class=\"elementor-container elementor-column-gap-no\">\n\t\t\t\t\t<div class=\"elementor-column elementor-col-100 elementor-top-column elementor-element elementor-element-da768cb\" data-id=\"da768cb\" data-element_type=\"column\" data-e-type=\"column\">\n\t\t\t<div class=\"elementor-widget-wrap elementor-element-populated\">\n\t\t\t\t\t\t<div class=\"elementor-element elementor-element-59ae633 elementor-view-default elementor-widget elementor-widget-icon\" data-id=\"59ae633\" data-element_type=\"widget\" data-e-type=\"widget\" data-widget_type=\"icon.default\">\n\t\t\t\t<div class=\"elementor-widget-container\">\n\t\t\t\t\t\t\t<div class=\"elementor-icon-wrapper\">\n\t\t\t<div class=\"elementor-icon\">\n\t\t\t<i aria-hidden=\"true\" class=\"fas fa-truck\"><\/i>\t\t\t<\/div>\n\t\t<\/div>\n\t\t\t\t\t\t<\/div>\n\t\t\t\t<\/div>\n\t\t\t\t<div class=\"elementor-element elementor-element-42459d8 elementor-widget-divider--view-line elementor-widget elementor-widget-divider\" data-id=\"42459d8\" data-element_type=\"widget\" data-e-type=\"widget\" data-widget_type=\"divider.default\">\n\t\t\t\t<div class=\"elementor-widget-container\">\n\t\t\t\t\t\t\t<div class=\"elementor-divider\">\n\t\t\t<span class=\"elementor-divider-separator\">\n\t\t\t\t\t\t<\/span>\n\t\t<\/div>\n\t\t\t\t\t\t<\/div>\n\t\t\t\t<\/div>\n\t\t\t\t<div class=\"elementor-element elementor-element-63df64f elementor-widget elementor-widget-text-editor\" data-id=\"63df64f\" data-element_type=\"widget\" data-e-type=\"widget\" data-widget_type=\"text-editor.default\">\n\t\t\t\t<div class=\"elementor-widget-container\">\n\t\t\t\t\t\t\t\t\t<p>Vi hittar den passande l\u00f6sningen f\u00f6r alla olika typer av v\u00e4gtransporter och f\u00e5r jobbet gjort. Vi erbjuder olika tj\u00e4nster inklusive:<\/p>\n<p>FTL \u2013 Full Trailer Last. Din egna trailer\/lastbil Vi har ett brett n\u00e4tverk i Sverige och Europa vilket inneb\u00e4r att vi kan v\u00e4lja den b\u00e4sta l\u00f6sningen f\u00f6r dina transporter.<\/p>\n<p>LTL \u2013 Mindre Trailer Last. F\u00f6r mindre transporter inom Sverige och Europa.<\/p>\n\t\t\t\t\t\t\t\t<\/div>\n\t\t\t\t<\/div>\n\t\t\t\t\t<\/div>\n\t\t<\/div>\n\t\t\t\t\t<\/div>\n\t\t<\/section>\n\t\t\t\t<\/div>\n\t\t","protected":false},"excerpt":{"rendered":"<p>V\u00e4gfrakt Vi hittar den passande l\u00f6sningen f\u00f6r alla olika typer av v\u00e4gtransporter och f\u00e5r jobbet gjort. Vi erbjuder olika tj\u00e4nster inklusive: FTL \u2013 Full Trailer Last. Din egna trailer\/lastbil Vi har ett brett n\u00e4tverk i Sverige och Europa vilket inneb\u00e4r att vi kan v\u00e4lja den b\u00e4sta l\u00f6sningen f\u00f6r dina transporter. LTL \u2013 Mindre Trailer Last. [&hellip;]<\/p>\n","protected":false},"author":1,"featured_media":0,"parent":2689,"menu_order":0,"comment_status":"closed","ping_status":"closed","template":"","meta":{"footnotes":""},"class_list":["post-2183","page","type-page","status-publish","hentry"],"_links":{"self":[{"href":"https:\/\/alphaglobe.se\/sv\/wp-json\/wp\/v2\/pages\/2183"}],"collection":[{"href":"https:\/\/alphaglobe.se\/sv\/wp-json\/wp\/v2\/pages"}],"about":[{"href":"https:\/\/alphaglobe.se\/sv\/wp-json\/wp\/v2\/types\/page"}],"author":[{"embeddable":true,"href":"https:\/\/alphaglobe.se\/sv\/wp-json\/wp\/v2\/users\/1"}],"replies":[{"embeddable":true,"href":"https:\/\/alphaglobe.se\/sv\/wp-json\/wp\/v2\/comments?post=2183"}],"version-history":[{"count":11,"href":"https:\/\/alphaglobe.se\/sv\/wp-json\/wp\/v2\/pages\/2183\/revisions"}],"predecessor-version":[{"id":2773,"href":"https:\/\/alphaglobe.se\/sv\/wp-json\/wp\/v2\/pages\/2183\/revisions\/2773"}],"up":[{"embeddable":true,"href":"https:\/\/alphaglobe.se\/sv\/wp-json\/wp\/v2\/pages\/2689"}],"wp:attachment":[{"href":"https:\/\/alphaglobe.se\/sv\/wp-json\/wp\/v2\/media?parent=2183"}],"curies":[{"name":"wp","href":"https:\/\/api.w.org\/{rel}","templated":true}]}}