{"id":2508,"date":"2020-11-16T19:33:57","date_gmt":"2020-11-16T17:33:57","guid":{"rendered":"https:\/\/alphaglobe.se\/integritetspolicy\/"},"modified":"2021-03-19T16:42:03","modified_gmt":"2021-03-19T15:42:03","slug":"integritetspolicy","status":"publish","type":"page","link":"https:\/\/alphaglobe.se\/sv\/integritetspolicy\/","title":{"rendered":"Integritetspolicy"},"content":{"rendered":"\t\t<div data-elementor-type=\"wp-page\" data-elementor-id=\"2508\" class=\"elementor elementor-2508 elementor-1135\" data-elementor-settings=\"{&quot;ha_cmc_init_switcher&quot;:&quot;no&quot;}\" data-elementor-post-type=\"page\">\n\t\t\t\t\t\t<section class=\"elementor-section elementor-top-section elementor-element elementor-element-2fdb5119 elementor-section-boxed elementor-section-height-default elementor-section-height-default\" data-id=\"2fdb5119\" data-element_type=\"section\" data-e-type=\"section\" data-settings=\"{&quot;_ha_eqh_enable&quot;:false}\">\n\t\t\t\t\t\t<div class=\"elementor-container elementor-column-gap-default\">\n\t\t\t\t\t<div class=\"elementor-column elementor-col-100 elementor-top-column elementor-element elementor-element-5c2243b6\" data-id=\"5c2243b6\" data-element_type=\"column\" data-e-type=\"column\">\n\t\t\t<div class=\"elementor-widget-wrap elementor-element-populated\">\n\t\t\t\t\t\t<div class=\"elementor-element elementor-element-2fb3dea elementor-widget elementor-widget-heading\" data-id=\"2fb3dea\" data-element_type=\"widget\" data-e-type=\"widget\" data-widget_type=\"heading.default\">\n\t\t\t\t<div class=\"elementor-widget-container\">\n\t\t\t\t\t<h2 class=\"elementor-heading-title elementor-size-default\">Integritetspolicy<\/h2>\t\t\t\t<\/div>\n\t\t\t\t<\/div>\n\t\t\t\t<div class=\"elementor-element elementor-element-ea722f9 elementor-widget-divider--view-line elementor-widget elementor-widget-divider\" data-id=\"ea722f9\" data-element_type=\"widget\" data-e-type=\"widget\" data-widget_type=\"divider.default\">\n\t\t\t\t<div class=\"elementor-widget-container\">\n\t\t\t\t\t\t\t<div class=\"elementor-divider\">\n\t\t\t<span class=\"elementor-divider-separator\">\n\t\t\t\t\t\t<\/span>\n\t\t<\/div>\n\t\t\t\t\t\t<\/div>\n\t\t\t\t<\/div>\n\t\t\t\t<div class=\"elementor-element elementor-element-23eb849b elementor-widget elementor-widget-text-editor\" data-id=\"23eb849b\" data-element_type=\"widget\" data-e-type=\"widget\" data-widget_type=\"text-editor.default\">\n\t\t\t\t<div class=\"elementor-widget-container\">\n\t\t\t\t\t\t\t\t\t<p>Alphaglobe Logistics AB kommer att skydda din personliga information och din r\u00e4tt till integritet. Om du har n\u00e5gra fr\u00e5gor eller funderingar kring denna integritetspolicy eller v\u00e5r praxis n\u00e4r det g\u00e4ller din personliga information, v\u00e4nligen kontakta oss p\u00e5 info@alphaglobe.se.<\/p>\n<p>N\u00e4r du bes\u00f6ker v\u00e5r webbplats <a href=\"https:\/\/alphaglobe.se\/sv\/\" target=\"_blank\" rel=\"noopener\">https:\/\/alphaglobe.se <\/a> (&#8221;Webbplatsen&#8221;) och mer allm\u00e4nt anv\u00e4nder n\u00e5gon av v\u00e5ra tj\u00e4nster (&#8221;Tj\u00e4nsterna&#8221;, inklusive webbplatsen), uppskattar vi att du litar p\u00e5 oss med din personliga information. Vi tar din integritet mycket seri\u00f6st. I denna integritetspolicy f\u00f6rs\u00f6ker vi p\u00e5 ett s\u00e5 tydligt s\u00e4tt som m\u00f6jligt f\u00f6rklara vilken information vi samlar in, hur vi anv\u00e4nder den och vilka r\u00e4ttigheter du har i f\u00f6rh\u00e5llande till den. Vi hoppas att du tar dig tid att l\u00e4sa igenom det noggrant, eftersom det \u00e4r viktigt. Om det finns n\u00e5gra villkor i detta integritetspolicy som du inte h\u00e5ller med, avbryt d\u00e5 anv\u00e4ndningen av v\u00e5ra tj\u00e4nster omedelbart.<\/p>\n<p>Detta integritetspolicy g\u00e4ller all information som samlas in via v\u00e5ra tj\u00e4nster (som, s\u00e5som beskrivs ovan, inkluderar v\u00e5r webbplats), liksom alla relaterade tj\u00e4nster, f\u00f6rs\u00e4ljning, marknadsf\u00f6ring eller evenemang.<\/p>\n<p>L\u00e4s detta integritetspolicy noggrant eftersom det hj\u00e4lper dig att f\u00f6rst\u00e5 vad vi g\u00f6r med den information som vi samlar in.<\/p>\n<h2>Vilken information samlar vi in?<\/h2>\n<h4>Personlig information som du l\u00e4mnar ut till oss<\/h4>\n<p><strong>Kortfattat:<\/strong> Vi samlar in personlig information som du tillhandah\u00e5ller oss.<\/p>\n<p>Vi samlar in personlig information som du frivilligt tillhandah\u00e5ller oss n\u00e4r du uttrycker ett intresse av att f\u00e5 information om oss eller v\u00e5ra produkter och tj\u00e4nster, n\u00e4r du deltar i aktiviteter p\u00e5 webbplatsen (t.ex. genom att l\u00e4gga upp kommentarer) eller p\u00e5 annat s\u00e4tt n\u00e4r du kontaktar oss.<\/p>\n<p>Den personliga informationen som vi samlar in beror p\u00e5 sammanhanget f\u00f6r dina interaktioner med oss och webbplatsen, de val du g\u00f6r och de produkter och funktioner du anv\u00e4nder. Den personliga information som vi samlar in av dig kan inneh\u00e5lla f\u00f6ljande:<\/p>\n<p>Vi samlar in namn; mejladresser; F\u00f6retagsnamn; och annan liknande information.<\/p>\n<p>All personlig information som du tillhandah\u00e5ller oss m\u00e5ste vara sann, fullst\u00e4ndig och korrekt, och du m\u00e5ste meddela oss om eventuella \u00e4ndringar av s\u00e5dan personlig information.<\/p>\n<h4>Information automatiskt insamlat<\/h4>\n<p><strong>Kortfattat<\/strong>: Viss information &#8211; som din IP-adress (Internet Protocol) och \/ eller webbl\u00e4sar- och enhetsegenskaper &#8211; samlas in automatiskt n\u00e4r du bes\u00f6ker v\u00e5r webbplats.<\/p>\n<p>Vi samlar automatiskt in viss information n\u00e4r du bes\u00f6ker, anv\u00e4nder eller navigerar p\u00e5 webbplatsen. Denna information avsl\u00f6jar inte din specifika identitet (som ditt namn eller kontaktinformation) men kan inneh\u00e5lla enhets- och anv\u00e4ndningsinformation, s\u00e5som din IP-adress, webbl\u00e4sar- och enhetsegenskaper, operativsystem, spr\u00e5kinst\u00e4llningar, h\u00e4nvisningsadresser, enhetsnamn, land, plats , information om hur och n\u00e4r du anv\u00e4nder v\u00e5r webbplats och annan teknisk information. Denna information beh\u00f6vs fr\u00e4mst f\u00f6r att uppr\u00e4tth\u00e5lla s\u00e4kerheten och driften av v\u00e5r webbplats och f\u00f6r v\u00e5ra interna analys- och rapporterings\u00e4ndam\u00e5l.<\/p>\n<p>Liksom m\u00e5nga f\u00f6retag samlar vi ocks\u00e5 in information via cookies<\/p>\n<p><strong>Informationen vi samlar in inkluderar:<\/strong><\/p>\n<ul>\n<li>Logg- och anv\u00e4ndningsdata. Logg- och anv\u00e4ndningsuppgifter \u00e4r tj\u00e4nstrelaterad, diagnostisk, anv\u00e4ndnings- och prestationsinformation som v\u00e5ra servrar automatiskt samlar in n\u00e4r du \u00f6ppnar eller anv\u00e4nder v\u00e5r webbplats och som vi registrerar i loggfiler. Beroende p\u00e5 hur du interagerar med oss kan denna loggdata inneh\u00e5lla din IP-adress, enhetsinformation, webbl\u00e4sartyp och inst\u00e4llningar och information om din aktivitet p\u00e5 webbplatsen (till exempel datum- \/ tidsst\u00e4mplar som \u00e4r kopplade till din anv\u00e4ndning, sidor och visade filer, s\u00f6kningar och andra \u00e5tg\u00e4rder du vidtar, till exempel vilka funktioner du anv\u00e4nder), enhetsinformation (t.ex. systemaktivitet, felrapporter (kallas ibland &#8221;kraschdumpar&#8221;) och h\u00e5rdvaruinst\u00e4llningar).\n<\/li>\n<li>Enhetsdata. Vi samlar in enhetsdata s\u00e5som information om din dator, telefon, surfplatta eller annan enhet som du anv\u00e4nder f\u00f6r att komma \u00e5t webbplatsen. Beroende p\u00e5 vilken enhet som anv\u00e4nds kan denna enhetsdata inneh\u00e5lla information som din IP-adress (eller proxyserver), enhets- och applikationsidentifikationsnummer, plats, webbl\u00e4sartyp, maskinvarumodell Internetleverant\u00f6r och \/ eller mobiloperat\u00f6r, operativsystem och systemkonfiguration information.\n<\/li>\n<li>Platsdata. Vi samlar in platsinformation som information om enhetens plats, som kan vara antingen exakt eller oexakt. Hur mycket information vi samlar in beror p\u00e5 typen och inst\u00e4llningarna f\u00f6r den enhet du anv\u00e4nder f\u00f6r att komma \u00e5t webbplatsen. Vi kan till exempel anv\u00e4nda GPS och annan teknik f\u00f6r att samla in geolokaliseringsdata som ber\u00e4ttar om din aktuella plats (baserat p\u00e5 din IP-adress). Du kan v\u00e4lja bort att l\u00e5ta oss samla in denna information antingen genom att v\u00e4gra \u00e5tkomst till informationen eller genom att inaktivera din platsinst\u00e4llning p\u00e5 din enhet. Observera dock att om du v\u00e4ljer att v\u00e4lja bort kan du kanske inte anv\u00e4nda vissa aspekter av tj\u00e4nsterna.<\/li>\n<\/ul>\n<div> <\/div>\n<h2>Hur anv\u00e4nder vi din information?<\/h2>\n<p><strong>Kortfattat: <\/strong>Vi behandlar din information f\u00f6r \u00e4ndam\u00e5l baserat p\u00e5 legitima aff\u00e4rsintressen, uppfyllandet av v\u00e5rt avtal med dig, efterlevnad av v\u00e5ra juridiska skyldigheter och \/ eller ditt samtycke.<\/p>\n<p>Vi anv\u00e4nder personlig information som samlas in via v\u00e5r webbplats f\u00f6r en rad olika aff\u00e4rs\u00e4ndam\u00e5l som beskrivs nedan. Vi behandlar din personliga information f\u00f6r dessa \u00e4ndam\u00e5l i beroende av v\u00e5ra legitima aff\u00e4rsintressen, f\u00f6r att ing\u00e5 eller utf\u00f6ra ett avtal med dig, med ditt samtycke och \/ eller f\u00f6r att uppfylla v\u00e5ra juridiska skyldigheter. Vi anger de specifika behandlingsgrunder vi litar p\u00e5 bredvid varje syfte som anges nedan.<\/p>\n<p><strong>Vi anv\u00e4nder informationen som vi samlar in eller tar emot:<\/strong><\/p>\n<ul>\n<li>F\u00f6r att leverera och underl\u00e4tta leverans av tj\u00e4nster till anv\u00e4ndaren. Vi kan anv\u00e4nda din information f\u00f6r att f\u00f6rse dig med den beg\u00e4rda tj\u00e4nsten.\n<\/li>\n<li>F\u00f6r att svara p\u00e5 anv\u00e4ndarf\u00f6rfr\u00e5gningar \/ erbjuda support till anv\u00e4ndare. Vi kan anv\u00e4nda din information f\u00f6r att svara p\u00e5 dina fr\u00e5gor och l\u00f6sa eventuella problem du kan ha med anv\u00e4ndningen av v\u00e5ra tj\u00e4nster.<\/li>\n<\/ul>\n<div> <\/div>\n<h2>Kommer din information att delas med n\u00e5gon?<\/h2>\n<p><strong>Kortfattat<\/strong>: Vi delar endast information med ditt samtycke, f\u00f6r att f\u00f6lja lagar, f\u00f6r att ge dig tj\u00e4nster eller f\u00f6r att skydda dina r\u00e4ttigheter.<\/p>\n<p><strong>Vi kan behandla eller dela dina uppgifter som vi har baserat p\u00e5 f\u00f6ljande r\u00e4ttsliga grund:<\/strong><\/p>\n<ul>\n<li>Samtycke: Vi kan behandla dina uppgifter om du har gett oss specifikt samtycke till att anv\u00e4nda din personliga information f\u00f6r ett specifikt syfte.\n<\/li>\n<li>Legitima intressen: Vi kan behandla dina uppgifter n\u00e4r det \u00e4r rimligt n\u00f6dv\u00e4ndigt f\u00f6r att uppn\u00e5 v\u00e5ra legitima aff\u00e4rsintressen.\n<\/li>\n<li>Uppfylla ett kontrakt: Om vi har ing\u00e5tt ett avtal med dig kan vi behandla din personliga information f\u00f6r att uppfylla villkoren i v\u00e5rt kontrakt.\n<\/li>\n<li>Juridiska skyldigheter: Vi kan avsl\u00f6ja din information d\u00e4r vi \u00e4r lagligen skyldiga att g\u00f6ra det f\u00f6r att f\u00f6lja till\u00e4mplig lag, statliga beg\u00e4randen, ett r\u00e4ttsligt f\u00f6rfarande, domstolsbeslut eller r\u00e4ttslig process, till exempel som svar p\u00e5 ett domstolsbeslut eller en st\u00e4mning ( inklusive som svar p\u00e5 offentliga myndigheter f\u00f6r att uppfylla nationella s\u00e4kerhetskrav eller brottsbek\u00e4mpningskrav).\n<\/li>\n<li>Viktiga intressen: Vi kan avsl\u00f6ja din information d\u00e4r vi anser att det \u00e4r n\u00f6dv\u00e4ndigt att utreda, f\u00f6rebygga eller vidta \u00e5tg\u00e4rder ang\u00e5ende potentiella brott mot v\u00e5r policy, misst\u00e4nkt bedr\u00e4geri, situationer som inneb\u00e4r potentiella hot mot n\u00e5gon persons s\u00e4kerhet och olagliga aktiviteter, eller som bevis i r\u00e4ttstvister som vi \u00e4r inblandade i.<\/li>\n<\/ul>\n<div> <\/div>\n<h2>Vem kommer din information att delas med?<\/h2>\n<p>Vi delar och avsl\u00f6jar endast din information med f\u00f6ljande tredje parter. Vi har kategoriserat varje part s\u00e5 att du l\u00e4tt kan f\u00f6rst\u00e5 syftet med v\u00e5r datainsamling och bearbetning. Om vi har bearbetat dina uppgifter baserat p\u00e5 ditt samtycke och du vill \u00e5terkalla ditt samtycke, v\u00e4nligen kontakta oss med hj\u00e4lp av kontaktuppgifterna i avsnittet &#8221;Hur kan du kontakta oss om denna integritetspolicy?&#8221;.<\/p>\n<p><strong>Webb- och mobilanalyser<\/strong>:<\/p>\n<ul>\n<li>Google Analytics<\/li>\n<\/ul>\n<p>Bes\u00f6karnas kommentarer kan ocks\u00e5 kontrolleras via en automatisk spamdetekteringstj\u00e4nst.<\/p>\n<h2>Anv\u00e4nder vi kakor?<\/h2>\n<p><strong>Kortfattat<\/strong>: Ja, vi anv\u00e4nder cookies f\u00f6r att samla in och lagra din information.<\/p>\n<p><strong>Vi anv\u00e4nder f\u00f6ljande typer av kakor:<\/strong><\/p>\n<p>Analytics-cookies som kommer ih\u00e5g din dator eller mobila enhet n\u00e4r du bes\u00f6ker v\u00e5r webbplats och k\u00e4nner igen bes\u00f6k p\u00e5 v\u00e5r webbplats p\u00e5 olika enheter. De h\u00e5ller reda p\u00e5 webbl\u00e4sningsm\u00f6nster och hj\u00e4lper oss att skapa en profil f\u00f6r hur v\u00e5ra anv\u00e4ndare anv\u00e4nder webbplatsen. Vi anv\u00e4nder den informationen f\u00f6r kundanalys.<\/p>\n<p>Servicekakor som hj\u00e4lper oss att f\u00e5 v\u00e5r webbplats att fungera s\u00e5 effektivt som m\u00f6jligt. Om du l\u00e4mnar en kommentar p\u00e5 v\u00e5r webbplats kan du v\u00e4lja att spara ditt namn och din e-postadress i cookies. Dessa \u00e4r f\u00f6r din bekv\u00e4mlighet s\u00e5 att du inte beh\u00f6ver fylla i dina uppgifter igen n\u00e4r du l\u00e4mnar en annan kommentar. Vi anv\u00e4nder dem ocks\u00e5 f\u00f6r att uppt\u00e4cka vilken enhet du anv\u00e4nder och anpassa hur vi presenterar v\u00e5ra tj\u00e4nster utifr\u00e5n enhetens sk\u00e4rmstorlek.<\/p>\n<h2>Anv\u00e4nder vi Google Maps?<\/h2>\n<p><strong>Kortfattat:<\/strong> Ja, vi anv\u00e4nder Google Maps f\u00f6r att tillhandah\u00e5lla b\u00e4ttre service.<\/p>\n<p>Denna webbplats anv\u00e4nder Google Maps API: er som omfattas av Googles anv\u00e4ndarvillkor. Du kan hitta anv\u00e4ndarvillkoren f\u00f6r Google Maps API h\u00e4r. Mer information om Googles sekretesspolicy finns i den h\u00e4r <a class=\"rank-math-link\" href=\"https:\/\/policies.google.com\/privacy\">l\u00e4nken<\/a>.<\/p>\n<h2>Hur l\u00e4nge beh\u00e5ller vi din information?<\/h2>\n<p><strong>Kortfattat:<\/strong> Vi beh\u00e5ller din information s\u00e5 l\u00e4nge som n\u00f6dv\u00e4ndigt f\u00f6r att uppfylla de syften som beskrivs i denna integritetspolicy om inte annat kr\u00e4vs enligt lagen.<\/p>\n<p>Vi beh\u00e5ller bara din personliga information s\u00e5 l\u00e4nge som det \u00e4r n\u00f6dv\u00e4ndigt f\u00f6r de \u00e4ndam\u00e5l som anges i detta integritetspolicy, s\u00e5vida inte en l\u00e4ngre lagringsperiod kr\u00e4vs eller till\u00e5ts enligt lag (s\u00e5som skatt, redovisning eller andra juridiska krav). Inget syfte i detta meddelande kommer att kr\u00e4va att vi beh\u00e5ller din personliga information l\u00e4ngre \u00e4n 2 \u00e5r.<\/p>\n<p>N\u00e4r vi inte har n\u00e5got p\u00e5g\u00e5ende legitimt aff\u00e4rsbehov att behandla din personliga information kommer vi antingen att radera eller anonymisera s\u00e5dan information, eller, om detta inte \u00e4r m\u00f6jligt (till exempel eftersom din personliga information har lagrats i reservarkiv), kommer vi s\u00e4kert lagra din personliga information och isolera den fr\u00e5n ytterligare behandling tills raderingen \u00e4r m\u00f6jlig.<\/p>\n<h2>Hur skyddar vi din information?<\/h2>\n<p><strong>Kortfattat:<\/strong> Vi str\u00e4var efter att skydda din personliga information genom ett system med organisatoriska och tekniska s\u00e4kerhets\u00e5tg\u00e4rder.<\/p>\n<p>Vi har implementerat l\u00e4mpliga tekniska och organisatoriska s\u00e4kerhets\u00e5tg\u00e4rder f\u00f6r att skydda s\u00e4kerheten f\u00f6r all personlig information vi behandlar. Trots v\u00e5ra skydds\u00e5tg\u00e4rder och anstr\u00e4ngningar f\u00f6r att s\u00e4kra din information kan ingen elektronisk \u00f6verf\u00f6ring via Internet eller teknik f\u00f6r lagring av information garanteras vara 100% s\u00e4ker, s\u00e5 vi kan inte lova eller garantera att hackare, internetkriminella eller andra obeh\u00f6riga tredje parter inte kunna besegra v\u00e5r s\u00e4kerhet och felaktigt samla in, komma \u00e5t, stj\u00e4la eller \u00e4ndra din information. \u00c4ven om vi kommer att g\u00f6ra v\u00e5rt b\u00e4sta f\u00f6r att skydda din personliga information sker \u00f6verf\u00f6ring av personlig information till och fr\u00e5n v\u00e5r webbplats p\u00e5 din egen risk. Du b\u00f6r bara komma \u00e5t webbplatsen i en s\u00e4ker milj\u00f6.<\/p>\n<h2>Samlar vi in information fr\u00e5n minder\u00e5riga?<\/h2>\n<p><strong>Kortfattat<\/strong>: Vi samlar inte medvetet data fr\u00e5n eller marknadsf\u00f6r till barn under 18 \u00e5r.<\/p>\n<p>Vi beg\u00e4r inte medvetet data fr\u00e5n eller marknadsf\u00f6r till barn under 18 \u00e5r. Genom att anv\u00e4nda webbplatsen, intygar du att du \u00e4r minst 18 \u00e5r eller att du \u00e4r f\u00f6r\u00e4lder eller v\u00e5rdnadshavare f\u00f6r en s\u00e5dan minder\u00e5rig och samtycker till att en minder\u00e5rig anv\u00e4nder webbplatsen. Om vi f\u00e5r veta att personlig information fr\u00e5n anv\u00e4ndare under 18 \u00e5r har samlats in kommer vi att inaktivera kontot och vidta rimliga \u00e5tg\u00e4rder f\u00f6r att omedelbart radera s\u00e5dan information fr\u00e5n v\u00e5ra register. Om du blir medveten om uppgifter vi kan samla in fr\u00e5n barn under 18 \u00e5r, v\u00e4nligen kontakta oss p\u00e5 info@alphaglobe.se.<\/p>\n<h2>Hur kan du kontakta oss om detta integritetspolicy?<\/h2>\n<p>Om du har fr\u00e5gor eller kommentarer om denna integritetspolicy kan du mejla oss p\u00e5 info@alphaglobe.se eller per post till:<\/p>\n<p>Alphaglobe Logistics AB<br \/>Generatorgatan 40<br \/>Arlandastad 195 60<br \/>Sverige<\/p>\n<h2>Hur kan du granska, uppdatera eller ta bort den information vi samlar in fr\u00e5n dig?<\/h2>\n<p>Baserat p\u00e5 g\u00e4llande lagar i ditt land kan du ha r\u00e4tt att beg\u00e4ra \u00e5tkomst till den personliga informationen vi samlar in fr\u00e5n dig, \u00e4ndra den informationen eller radera den under vissa omst\u00e4ndigheter. F\u00f6r att beg\u00e4ra att granska, uppdatera eller radera din personliga information, v\u00e4nligen kontakta oss via e-post: info@alphaglobe.se. Vi kommer att svara p\u00e5 din beg\u00e4ran inom 30 dagar.<\/p>\n\t\t\t\t\t\t\t\t<\/div>\n\t\t\t\t<\/div>\n\t\t\t\t\t<\/div>\n\t\t<\/div>\n\t\t\t\t\t<\/div>\n\t\t<\/section>\n\t\t\t\t<\/div>\n\t\t","protected":false},"excerpt":{"rendered":"<p>Integritetspolicy Alphaglobe Logistics AB kommer att skydda din personliga information och din r\u00e4tt till integritet. Om du har n\u00e5gra fr\u00e5gor eller funderingar kring denna integritetspolicy eller v\u00e5r praxis n\u00e4r det g\u00e4ller din personliga information, v\u00e4nligen kontakta oss p\u00e5 info@alphaglobe.se. N\u00e4r du bes\u00f6ker v\u00e5r webbplats https:\/\/alphaglobe.se (&#8221;Webbplatsen&#8221;) och mer allm\u00e4nt anv\u00e4nder n\u00e5gon av v\u00e5ra tj\u00e4nster (&#8221;Tj\u00e4nsterna&#8221;, [&hellip;]<\/p>\n","protected":false},"author":1,"featured_media":0,"parent":0,"menu_order":0,"comment_status":"closed","ping_status":"closed","template":"","meta":{"footnotes":""},"class_list":["post-2508","page","type-page","status-publish","hentry"],"_links":{"self":[{"href":"https:\/\/alphaglobe.se\/sv\/wp-json\/wp\/v2\/pages\/2508"}],"collection":[{"href":"https:\/\/alphaglobe.se\/sv\/wp-json\/wp\/v2\/pages"}],"about":[{"href":"https:\/\/alphaglobe.se\/sv\/wp-json\/wp\/v2\/types\/page"}],"author":[{"embeddable":true,"href":"https:\/\/alphaglobe.se\/sv\/wp-json\/wp\/v2\/users\/1"}],"replies":[{"embeddable":true,"href":"https:\/\/alphaglobe.se\/sv\/wp-json\/wp\/v2\/comments?post=2508"}],"version-history":[{"count":4,"href":"https:\/\/alphaglobe.se\/sv\/wp-json\/wp\/v2\/pages\/2508\/revisions"}],"predecessor-version":[{"id":3247,"href":"https:\/\/alphaglobe.se\/sv\/wp-json\/wp\/v2\/pages\/2508\/revisions\/3247"}],"wp:attachment":[{"href":"https:\/\/alphaglobe.se\/sv\/wp-json\/wp\/v2\/media?parent=2508"}],"curies":[{"name":"wp","href":"https:\/\/api.w.org\/{rel}","templated":true}]}}